{"id":466,"date":"2024-04-04T15:56:44","date_gmt":"2024-04-04T15:56:44","guid":{"rendered":"https:\/\/avrasyakostum.com\/?post_type=product&#038;p=466"},"modified":"2025-12-06T13:23:46","modified_gmt":"2025-12-06T13:23:46","slug":"avukat-kiyafeti","status":"publish","type":"product","link":"https:\/\/avrasyakostum.com\/?product=avukat-kiyafeti","title":{"rendered":"Avukat K\u0131yafeti"},"content":{"rendered":"<div>Sipari\u015finizi verirken; kiralama veya sat\u0131n alma \u015feklinde yazarak, kost\u00fcm ismi, adeti, ya\u015f grubu, ayak numaras\u0131, okul sipari\u015fi ise okul, \u00f6\u011fretmen, veli sipari\u015fi ise veli ismi ve adres, telefon numaras\u0131 belirterek sipari\u015f veriniz.<\/div>\n<div><\/div>\n<div>\u00d6demeler kargo ile g\u00f6nderilerde havale, elden teslimlerde de nakit yap\u0131lmaktad\u0131r.<\/div>\n<div><\/div>\n<div>Sipari\u015fler \u00f6deme s\u0131ras\u0131na g\u00f6re yap\u0131lmaktad\u0131r, stok durumunu \u00f6deme yapmadan \u00f6nce Whatsapp hatt\u0131m\u0131zdan sorunuz!<\/div>\n","protected":false},"excerpt":{"rendered":"<div>\n<ul>\n<li>\n<h1>Kiralama: 520 TL<\/h1>\n<\/li>\n<li>\n<div>5-12 ya\u015f grubuna sat\u0131\u015f ve kiralamam\u0131z vard\u0131r.<\/div>\n<\/li>\n<li>\n<div>Her ya\u015f grubuna sat\u0131\u015f ve kiralamam\u0131z vard\u0131r, fiyatlar yeti\u015fkinlerde de\u011fi\u015fmektedir.<\/div>\n<\/li>\n<li>Whatsapp Sipari\u015f Hatt\u0131: +90 533 495 28 38<\/li>\n<\/ul>\n<\/div>\n<div><\/div>\n<div><\/div>\n","protected":false},"featured_media":467,"comment_status":"open","ping_status":"closed","template":"","meta":{"_joinchat":[]},"product_brand":[],"product_cat":[274],"product_tag":[297,298,296,300,299,301],"class_list":{"0":"post-466","1":"product","2":"type-product","3":"status-publish","4":"has-post-thumbnail","6":"product_cat-meslek-kostumleri","7":"product_tag-avukat-kiyafeti","8":"product_tag-avukat-kiyafeti-cocuk","9":"product_tag-avukat-kostumu","10":"product_tag-avukat-kostumu-cocuk","11":"product_tag-cocuk-avukat-kiyafeti","12":"product_tag-cocuk-avukat-kostumu","14":"first","15":"instock","16":"shipping-taxable","17":"purchasable","18":"product-type-simple"},"_links":{"self":[{"href":"https:\/\/avrasyakostum.com\/index.php?rest_route=\/wp\/v2\/product\/466","targetHints":{"allow":["GET"]}}],"collection":[{"href":"https:\/\/avrasyakostum.com\/index.php?rest_route=\/wp\/v2\/product"}],"about":[{"href":"https:\/\/avrasyakostum.com\/index.php?rest_route=\/wp\/v2\/types\/product"}],"replies":[{"embeddable":true,"href":"https:\/\/avrasyakostum.com\/index.php?rest_route=%2Fwp%2Fv2%2Fcomments&post=466"}],"wp:featuredmedia":[{"embeddable":true,"href":"https:\/\/avrasyakostum.com\/index.php?rest_route=\/wp\/v2\/media\/467"}],"wp:attachment":[{"href":"https:\/\/avrasyakostum.com\/index.php?rest_route=%2Fwp%2Fv2%2Fmedia&parent=466"}],"wp:term":[{"taxonomy":"product_brand","embeddable":true,"href":"https:\/\/avrasyakostum.com\/index.php?rest_route=%2Fwp%2Fv2%2Fproduct_brand&post=466"},{"taxonomy":"product_cat","embeddable":true,"href":"https:\/\/avrasyakostum.com\/index.php?rest_route=%2Fwp%2Fv2%2Fproduct_cat&post=466"},{"taxonomy":"product_tag","embeddable":true,"href":"https:\/\/avrasyakostum.com\/index.php?rest_route=%2Fwp%2Fv2%2Fproduct_tag&post=466"}],"curies":[{"name":"wp","href":"https:\/\/api.w.org\/{rel}","templated":true}]}}