{"id":232,"date":"2024-03-18T10:23:51","date_gmt":"2024-03-18T10:23:51","guid":{"rendered":"https:\/\/avrasyakostum.com\/?post_type=product&#038;p=232"},"modified":"2025-12-06T13:27:46","modified_gmt":"2025-12-06T13:27:46","slug":"koylu-kostumu-dogu-ve-ic-anadolu-bolgesi-kostumu-cayda-cira","status":"publish","type":"product","link":"https:\/\/avrasyakostum.com\/?product=koylu-kostumu-dogu-ve-ic-anadolu-bolgesi-kostumu-cayda-cira","title":{"rendered":"K\u00f6yl\u00fc Kost\u00fcm\u00fc\/Do\u011fu ve \u0130\u00e7 Anadolu B\u00f6lgesi Kost\u00fcm\u00fc\/\u00c7ayda \u00c7\u0131ra"},"content":{"rendered":"<div><\/div>\n<div>Sipari\u015finizi verirken; kiralama veya sat\u0131n alma \u015feklinde yazarak, kost\u00fcm ismi, adeti, ya\u015f grubu, ayak numaras\u0131, okul sipari\u015fi ise; okul, \u00f6\u011fretmen, veli sipari\u015fi ise veli ismi ve adres, telefon numaras\u0131 belirterek sipari\u015f veriniz.<\/div>\n<div><\/div>\n<div>\u00d6demeler kargo ile g\u00f6nderilerde havale, elden teslimlerde de nakit yap\u0131lmaktad\u0131r.<\/div>\n<div><\/div>\n<div>Sipari\u015fler \u00f6deme s\u0131ras\u0131na g\u00f6re yap\u0131lmaktad\u0131r, stok durumunu \u00f6deme yapmadan \u00f6nce Whatsapp hatt\u0131m\u0131zdan sorunuz!<\/div>\n<div><\/div>\n<div>Kargo t\u00fcm g\u00f6nderilerde gidi\u015f ve d\u00f6n\u00fc\u015f \u00fcr\u00fcn\u00fc alana\/kiralayana aittir.<\/div>\n","protected":false},"excerpt":{"rendered":"<ul>\n<li>\n<h1>Kiralama: 650 TL<\/h1>\n<\/li>\n<li>Y\u00f6renin orjinal kost\u00fcm\u00fcn\u00fcn birebir ayn\u0131s\u0131d\u0131r.<\/li>\n<li>\u00dcr\u00fcnlerimiz A kalite kuma\u015flardan \u00fcretilmi\u015ftir, hi\u00e7 bir deformasyonu yoktur.<\/li>\n<li>Foto\u011frafta g\u00f6r\u00fclen t\u00fcm aksesuarlar fiyata dahildir.<\/li>\n<li>Her sipari\u015fte \u00fcr\u00fcne uygun renkte pisi verilmektedir.<\/li>\n<li>Yukar\u0131da g\u00f6rd\u00fc\u011f\u00fcn\u00fcz kiralama fiyat\u0131 7 adet ve \u00fczeri i\u00e7indir. Tek adet kiralama fiyat\u0131 890 TL&#8217;dir.<\/li>\n<li>Elimizdeki stoklu \u00fcr\u00fcnler i\u00e7in d\u00f6nem d\u00f6nem indirimlerimiz olabilir, sipari\u015f hatt\u0131m\u0131zdan detayl\u0131 bilgi alabilirsiniz.<\/li>\n<li>Bu fiyatlar anas\u0131n\u0131f\u0131 ve ilkokul i\u00e7in ge\u00e7erlidir. \u00dcst ya\u015f gruplar\u0131 i\u00e7in ileti\u015fim hatt\u0131m\u0131za yaz\u0131n\u0131z.<\/li>\n<li>Whatsapp Sipari\u015f Hatt\u0131: +90 533 495 28 38<\/li>\n<\/ul>\n","protected":false},"featured_media":278,"comment_status":"open","ping_status":"closed","template":"","meta":{"_joinchat":[]},"product_brand":[],"product_cat":[46],"product_tag":[34,247,252,244,245,249,250,248,253,251,246],"class_list":{"0":"post-232","1":"product","2":"type-product","3":"status-publish","4":"has-post-thumbnail","6":"product_cat-yoresel-kostumler","7":"product_tag-anadolu-gosteri-kiyafet","8":"product_tag-anadolu-kostum","9":"product_tag-cayda-cira-kiyafet","10":"product_tag-cayda-cira-kostum","11":"product_tag-cayda-kostum","12":"product_tag-dogu-anadolu-gosteri","13":"product_tag-dogu-anadolu-gosteri-kiyafet","14":"product_tag-dogu-kostum","15":"product_tag-gosteri-kostum-kiralama","16":"product_tag-ic-anadolu-gosteri-kiyafet","17":"product_tag-ic-anadolu-kostum","19":"first","20":"instock","21":"shipping-taxable","22":"purchasable","23":"product-type-simple"},"_links":{"self":[{"href":"https:\/\/avrasyakostum.com\/index.php?rest_route=\/wp\/v2\/product\/232","targetHints":{"allow":["GET"]}}],"collection":[{"href":"https:\/\/avrasyakostum.com\/index.php?rest_route=\/wp\/v2\/product"}],"about":[{"href":"https:\/\/avrasyakostum.com\/index.php?rest_route=\/wp\/v2\/types\/product"}],"replies":[{"embeddable":true,"href":"https:\/\/avrasyakostum.com\/index.php?rest_route=%2Fwp%2Fv2%2Fcomments&post=232"}],"wp:featuredmedia":[{"embeddable":true,"href":"https:\/\/avrasyakostum.com\/index.php?rest_route=\/wp\/v2\/media\/278"}],"wp:attachment":[{"href":"https:\/\/avrasyakostum.com\/index.php?rest_route=%2Fwp%2Fv2%2Fmedia&parent=232"}],"wp:term":[{"taxonomy":"product_brand","embeddable":true,"href":"https:\/\/avrasyakostum.com\/index.php?rest_route=%2Fwp%2Fv2%2Fproduct_brand&post=232"},{"taxonomy":"product_cat","embeddable":true,"href":"https:\/\/avrasyakostum.com\/index.php?rest_route=%2Fwp%2Fv2%2Fproduct_cat&post=232"},{"taxonomy":"product_tag","embeddable":true,"href":"https:\/\/avrasyakostum.com\/index.php?rest_route=%2Fwp%2Fv2%2Fproduct_tag&post=232"}],"curies":[{"name":"wp","href":"https:\/\/api.w.org\/{rel}","templated":true}]}}