{"id":227,"date":"2024-03-10T14:26:54","date_gmt":"2024-03-10T14:26:54","guid":{"rendered":"https:\/\/avrasyakostum.com\/?post_type=product&#038;p=227"},"modified":"2025-12-06T13:28:05","modified_gmt":"2025-12-06T13:28:05","slug":"katibim-istanbul-kiyafetleri","status":"publish","type":"product","link":"https:\/\/avrasyakostum.com\/?product=katibim-istanbul-kiyafetleri","title":{"rendered":"Katibim \u0130stanbul K\u0131yafetleri"},"content":{"rendered":"<p><strong>Whatsapp Sipari\u015f Hatt\u0131:<\/strong>\u00a0<strong><a href=\"https:\/\/wa.me\/qr\/C2SDQH3QIOTAN1\">+90 533 495 28 38<\/a><\/strong><\/p>\n<p>Sipari\u015finizi verirken; kiralama veya sat\u0131n alma \u015feklinde yazarak, kost\u00fcm ismi, adeti, ya\u015f grubu, ayak numaras\u0131, okul sipari\u015fi ise okul, \u00f6\u011fretmen, veli sipari\u015fi ise veli ismi ve adres, telefon numaras\u0131 belirterek sipari\u015f veriniz.<\/p>\n<p>\u00d6demeler kargo ile g\u00f6nderilerde havale, elden teslimlerde de nakit yap\u0131lmaktad\u0131r.<\/p>\n<p>Sipari\u015fler \u00f6deme s\u0131ras\u0131na g\u00f6re yap\u0131lmaktad\u0131r, stok durumunu \u00f6deme yapmadan \u00f6nce Whatsapp hatt\u0131m\u0131zdan sorunuz!<\/p>\n","protected":false},"excerpt":{"rendered":"<h1><\/h1>\n<ul>\n<li>\n<h1>Kiralama: 650TL<\/h1>\n<ul>\n<li>Kost\u00fcme mendil ve e\u015farp dahildir.<\/li>\n<li>\u015eemsiye istenirse ekstra 200 TL \u00fccreti vard\u0131r.<\/li>\n<li>Her sipari\u015fte \u00fcr\u00fcne uygun renkte pisi \u00fccretsiz verilmektedir.<\/li>\n<li>Sar\u0131, k\u0131rm\u0131z\u0131, mor, mavi, pembe renkleri bulunmaktad\u0131r.<\/li>\n<li>Y\u00f6renin orjinal kost\u00fcm\u00fcn\u00fcn birebir ayn\u0131s\u0131d\u0131r.<\/li>\n<li>\u00dcr\u00fcnlerimiz A kalite kuma\u015flardan \u00fcretilmi\u015ftir, hi\u00e7 bir deformasyonu yoktur.<\/li>\n<li>Foto\u011frafta g\u00f6r\u00fclen t\u00fcm aksesuarlar fiyata dahildir.<\/li>\n<li>Bu fiyatlar anas\u0131n\u0131f\u0131 ve ilkokul i\u00e7in ge\u00e7erlidir.<\/li>\n<li>Yukar\u0131da g\u00f6rd\u00fc\u011f\u00fcn\u00fcz kiralama fiyat\u0131 7 adet ve \u00fczeri i\u00e7indir. Tek adet kiralama fiyat\u0131 790 TL\u2019dir.<\/li>\n<li>Elimizdeki stoklu \u00fcr\u00fcnler i\u00e7in d\u00f6nem d\u00f6nem indirimlerimiz olabilir, sipari\u015f hatt\u0131m\u0131zdan detayl\u0131 bilgi alabilirsiniz.<\/li>\n<\/ul>\n<\/li>\n<\/ul>\n","protected":false},"featured_media":358,"comment_status":"open","ping_status":"closed","template":"","meta":{"_joinchat":[]},"product_brand":[],"product_cat":[46],"product_tag":[225,224,221,223,222,220,219,218,217],"class_list":{"0":"post-227","1":"product","2":"type-product","3":"status-publish","4":"has-post-thumbnail","6":"product_cat-yoresel-kostumler","7":"product_tag-istanbul-katibim-kiyafet","8":"product_tag-istanbul-katibim-kostum","9":"product_tag-katibim-istanbul-gosteri","10":"product_tag-katibim-istanbul-gosteri-kiyafet","11":"product_tag-katibim-istanbul-gosteri-kostum","12":"product_tag-katibim-istanbul-kostum","13":"product_tag-katibim-istanbul-kuyafet","14":"product_tag-katibim-kiyafet","15":"product_tag-katibim-kostum","17":"first","18":"instock","19":"shipping-taxable","20":"purchasable","21":"product-type-simple"},"_links":{"self":[{"href":"https:\/\/avrasyakostum.com\/index.php?rest_route=\/wp\/v2\/product\/227","targetHints":{"allow":["GET"]}}],"collection":[{"href":"https:\/\/avrasyakostum.com\/index.php?rest_route=\/wp\/v2\/product"}],"about":[{"href":"https:\/\/avrasyakostum.com\/index.php?rest_route=\/wp\/v2\/types\/product"}],"replies":[{"embeddable":true,"href":"https:\/\/avrasyakostum.com\/index.php?rest_route=%2Fwp%2Fv2%2Fcomments&post=227"}],"wp:featuredmedia":[{"embeddable":true,"href":"https:\/\/avrasyakostum.com\/index.php?rest_route=\/wp\/v2\/media\/358"}],"wp:attachment":[{"href":"https:\/\/avrasyakostum.com\/index.php?rest_route=%2Fwp%2Fv2%2Fmedia&parent=227"}],"wp:term":[{"taxonomy":"product_brand","embeddable":true,"href":"https:\/\/avrasyakostum.com\/index.php?rest_route=%2Fwp%2Fv2%2Fproduct_brand&post=227"},{"taxonomy":"product_cat","embeddable":true,"href":"https:\/\/avrasyakostum.com\/index.php?rest_route=%2Fwp%2Fv2%2Fproduct_cat&post=227"},{"taxonomy":"product_tag","embeddable":true,"href":"https:\/\/avrasyakostum.com\/index.php?rest_route=%2Fwp%2Fv2%2Fproduct_tag&post=227"}],"curies":[{"name":"wp","href":"https:\/\/api.w.org\/{rel}","templated":true}]}}