{"id":201,"date":"2024-03-10T11:51:47","date_gmt":"2024-03-10T11:51:47","guid":{"rendered":"https:\/\/avrasyakostum.com\/?post_type=product&#038;p=201"},"modified":"2025-12-06T13:30:56","modified_gmt":"2025-12-06T13:30:56","slug":"kirmizi-sari-simli-modern-dans-kostumu","status":"publish","type":"product","link":"https:\/\/avrasyakostum.com\/?product=kirmizi-sari-simli-modern-dans-kostumu","title":{"rendered":"K\u0131rm\u0131z\u0131 Sar\u0131 Simli Modern Dans Kost\u00fcm\u00fc"},"content":{"rendered":"<p><strong>Whatsapp Sipari\u015f Hatt\u0131:<\/strong>\u00a0<strong><a href=\"https:\/\/wa.me\/qr\/C2SDQH3QIOTAN1\">+90 533 495 28 38<\/a><\/strong><\/p>\n<p>Sipari\u015finizi verirken; kiralama veya sat\u0131n alma \u015feklinde yazarak, kost\u00fcm ismi, adeti, ya\u015f grubu, ayak numaras\u0131, okul sipari\u015fi ise okul, \u00f6\u011fretmen, veli sipari\u015fi ise veli ismi ve adres, telefon numaras\u0131 belirterek sipari\u015f veriniz.<\/p>\n<p>\u00d6demeler kargo ile g\u00f6nderilerde havale, elden teslimlerde denakit yap\u0131lmaktad\u0131r.<\/p>\n<p>Sipari\u015fler \u00f6deme s\u0131ras\u0131na g\u00f6re yap\u0131lmaktad\u0131r, stok durumunu \u00f6deme yapmadan \u00f6nce Whatsapp hatt\u0131m\u0131zdan sorunuz!<\/p>\n","protected":false},"excerpt":{"rendered":"<ul>\n<li>K\u0131z: Taytl\u0131 etek ve bluz dahil.<\/li>\n<li>Erkek: G\u00f6mlek, pantolon ve ku\u015fak.<\/li>\n<li>Bu \u00fcr\u00fcnde kiralama yap\u0131lmamaktad\u0131r.<\/li>\n<li>Her sipari\u015fte \u00fcr\u00fcne uygun renkte pisi \u00fccretsiz verilmektedir.<\/li>\n<\/ul>\n","protected":false},"featured_media":202,"comment_status":"open","ping_status":"closed","template":"","meta":{"_joinchat":[]},"product_brand":[],"product_cat":[49],"product_tag":[95,115,116,113,114,111,112,110,109],"class_list":{"0":"post-201","1":"product","2":"type-product","3":"status-publish","4":"has-post-thumbnail","6":"product_cat-modern-dans-kostumleri","7":"product_tag-kirmizi-kostum","8":"product_tag-kirmizi-modern-dans-kostumu","9":"product_tag-kirmizi-sari-simli-modern-dans-kostumu","10":"product_tag-kirmizi-simli-dans-kostumu","11":"product_tag-modern-dans-kostumu","12":"product_tag-sari-dans-kostumu","13":"product_tag-sari-simli-dans-kostumu","14":"product_tag-simli-dans-kostumu","15":"product_tag-simli-kostum","17":"first","18":"instock","19":"shipping-taxable","20":"purchasable","21":"product-type-simple"},"_links":{"self":[{"href":"https:\/\/avrasyakostum.com\/index.php?rest_route=\/wp\/v2\/product\/201","targetHints":{"allow":["GET"]}}],"collection":[{"href":"https:\/\/avrasyakostum.com\/index.php?rest_route=\/wp\/v2\/product"}],"about":[{"href":"https:\/\/avrasyakostum.com\/index.php?rest_route=\/wp\/v2\/types\/product"}],"replies":[{"embeddable":true,"href":"https:\/\/avrasyakostum.com\/index.php?rest_route=%2Fwp%2Fv2%2Fcomments&post=201"}],"wp:featuredmedia":[{"embeddable":true,"href":"https:\/\/avrasyakostum.com\/index.php?rest_route=\/wp\/v2\/media\/202"}],"wp:attachment":[{"href":"https:\/\/avrasyakostum.com\/index.php?rest_route=%2Fwp%2Fv2%2Fmedia&parent=201"}],"wp:term":[{"taxonomy":"product_brand","embeddable":true,"href":"https:\/\/avrasyakostum.com\/index.php?rest_route=%2Fwp%2Fv2%2Fproduct_brand&post=201"},{"taxonomy":"product_cat","embeddable":true,"href":"https:\/\/avrasyakostum.com\/index.php?rest_route=%2Fwp%2Fv2%2Fproduct_cat&post=201"},{"taxonomy":"product_tag","embeddable":true,"href":"https:\/\/avrasyakostum.com\/index.php?rest_route=%2Fwp%2Fv2%2Fproduct_tag&post=201"}],"curies":[{"name":"wp","href":"https:\/\/api.w.org\/{rel}","templated":true}]}}