{"id":175,"date":"2024-03-02T15:39:45","date_gmt":"2024-03-02T15:39:45","guid":{"rendered":"https:\/\/avrasyakostum.com\/?page_id=175"},"modified":"2025-12-06T13:04:23","modified_gmt":"2025-12-06T13:04:23","slug":"ana-sayfa","status":"publish","type":"page","link":"https:\/\/avrasyakostum.com\/","title":{"rendered":"Ana Sayfa"},"content":{"rendered":"\n<div class=\"row\"  id=\"row-2060623470\">\n\n\n\t<div id=\"col-656225748\" class=\"col medium-4 small-6 large-4\"  >\n\t\t\t\t<div class=\"col-inner text-center\"  >\n\t\t\t\n\t\t\t\n\n<a href=\"https:\/\/avrasyakostum.com\/?product_cat=kultur-dans-kostumleri\" target=\"_self\" class=\"button primary is-outline is-larger lowercase expand\"  >\n    <span>K\u00fclt\u00fcr Dans Kost\u00fcmleri<\/span>\n  <\/a>\n\n\n\t<div class=\"img has-hover x md-x lg-x y md-y lg-y\" id=\"image_1589190187\">\n\t\t<a class=\"\" href=\"https:\/\/avrasyakostum.com\/?product_cat=kultur-dans-kostumleri\" >\t\t\t\t\t\t<div class=\"img-inner image-cover dark\" style=\"padding-top:120%;\">\n\t\t\t<img loading=\"lazy\" decoding=\"async\" width=\"300\" height=\"200\" src=\"https:\/\/avrasyakostum.com\/wp-content\/uploads\/2024\/04\/IMG_3389.jpg\" class=\"attachment-medium size-medium\" alt=\"\" \/>\t\t\t\t\t\t\n\t\t\t\t\t<\/div>\n\t\t\t\t\t\t<\/a>\t\t\n<style>\n#image_1589190187 {\n  width: 100%;\n}\n<\/style>\n\t<\/div>\n\t\n\n\n\t\t<\/div>\n\t\t\t\t\t<\/div>\n\n\t\n\n\t<div id=\"col-577604181\" class=\"col medium-4 small-6 large-4\"  >\n\t\t\t\t<div class=\"col-inner text-center\"  >\n\t\t\t\n\t\t\t\n\n<a href=\"https:\/\/avrasyakostum.com\/?product_cat=modern-dans-kostumleri\" target=\"_self\" class=\"button primary is-outline is-larger lowercase expand\"  >\n    <span>Modern Dans Kost\u00fcmleri<\/span>\n  <\/a>\n\n\n\t<div class=\"img has-hover x md-x lg-x y md-y lg-y\" id=\"image_1971832764\">\n\t\t<a class=\"\" href=\"https:\/\/avrasyakostum.com\/?product_cat=modern-dans-kostumleri\" >\t\t\t\t\t\t<div class=\"img-inner image-cover dark\" style=\"padding-top:120%;\">\n\t\t\t<img loading=\"lazy\" decoding=\"async\" width=\"300\" height=\"200\" src=\"https:\/\/avrasyakostum.com\/wp-content\/uploads\/2024\/04\/IMG_3479.jpg\" class=\"attachment-medium size-medium\" alt=\"\" \/>\t\t\t\t\t\t\n\t\t\t\t\t<\/div>\n\t\t\t\t\t\t<\/a>\t\t\n<style>\n#image_1971832764 {\n  width: 100%;\n}\n<\/style>\n\t<\/div>\n\t\n\n\n\t\t<\/div>\n\t\t\t\t\t<\/div>\n\n\t\n\n\t<div id=\"col-500952422\" class=\"col medium-4 small-6 large-4\"  >\n\t\t\t\t<div class=\"col-inner text-center\"  >\n\t\t\t\n\t\t\t\n\n<a href=\"https:\/\/avrasyakostum.com\/?product_cat=yoresel-kostumler\" target=\"_self\" class=\"button primary is-outline is-larger lowercase expand\"  >\n    <span>Y\u00f6resel Kost\u00fcmler<\/span>\n  <\/a>\n\n\n\t<div class=\"img has-hover x md-x lg-x y md-y lg-y\" id=\"image_1072468637\">\n\t\t<a class=\"\" href=\"https:\/\/avrasyakostum.com\/?product_cat=yoresel-kostumler\" >\t\t\t\t\t\t<div class=\"img-inner image-cover dark\" style=\"padding-top:120%;\">\n\t\t\t<img loading=\"lazy\" decoding=\"async\" width=\"300\" height=\"200\" src=\"https:\/\/avrasyakostum.com\/wp-content\/uploads\/2024\/04\/IMG_3318.jpg\" class=\"attachment-medium size-medium\" alt=\"\" \/>\t\t\t\t\t\t\n\t\t\t\t\t<\/div>\n\t\t\t\t\t\t<\/a>\t\t\n<style>\n#image_1072468637 {\n  width: 100%;\n}\n<\/style>\n\t<\/div>\n\t\n\n\n\t\t<\/div>\n\t\t\t\t\t<\/div>\n\n\t\n\n\t<div id=\"col-1917438848\" class=\"col medium-4 small-6 large-4\"  >\n\t\t\t\t<div class=\"col-inner text-center\"  >\n\t\t\t\n\t\t\t\n\n<a href=\"https:\/\/avrasyakostum.com\/?product_cat=karakter-kostumleri\" target=\"_self\" class=\"button primary is-outline is-larger lowercase expand\"  >\n    <span>Karakter Kost\u00fcmleri<\/span>\n  <\/a>\n\n\n\t<div class=\"img has-hover x md-x lg-x y md-y lg-y\" id=\"image_87111561\">\n\t\t<a class=\"\" href=\"https:\/\/avrasyakostum.com\/?product_cat=karakter-kostumleri\" >\t\t\t\t\t\t<div class=\"img-inner image-cover dark\" style=\"padding-top:120%;\">\n\t\t\t<img loading=\"lazy\" decoding=\"async\" width=\"300\" height=\"200\" src=\"https:\/\/avrasyakostum.com\/wp-content\/uploads\/2024\/04\/IMG_3394.jpg\" class=\"attachment-medium size-medium\" alt=\"\" \/>\t\t\t\t\t\t\n\t\t\t\t\t<\/div>\n\t\t\t\t\t\t<\/a>\t\t\n<style>\n#image_87111561 {\n  width: 100%;\n}\n<\/style>\n\t<\/div>\n\t\n\n\n\t\t<\/div>\n\t\t\t\t\t<\/div>\n\n\t\n\n\t<div id=\"col-1293653921\" class=\"col medium-4 small-6 large-4\"  >\n\t\t\t\t<div class=\"col-inner text-center\"  >\n\t\t\t\n\t\t\t\n\n<a href=\"https:\/\/avrasyakostum.com\/?product_cat=hayvan-kostumleri\" target=\"_self\" class=\"button primary is-outline is-larger lowercase expand\"  >\n    <span>Hayvan Kost\u00fcmleri<\/span>\n  <\/a>\n\n\n\t<div class=\"img has-hover x md-x lg-x y md-y lg-y\" id=\"image_370033768\">\n\t\t<a class=\"\" href=\"https:\/\/avrasyakostum.com\/?product_cat=hayvan-kostumleri\" >\t\t\t\t\t\t<div class=\"img-inner image-cover dark\" style=\"padding-top:120%;\">\n\t\t\t<img loading=\"lazy\" decoding=\"async\" width=\"300\" height=\"200\" src=\"https:\/\/avrasyakostum.com\/wp-content\/uploads\/2024\/04\/IMG_3500.jpg\" class=\"attachment-medium size-medium\" alt=\"\" \/>\t\t\t\t\t\t\n\t\t\t\t\t<\/div>\n\t\t\t\t\t\t<\/a>\t\t\n<style>\n#image_370033768 {\n  width: 100%;\n}\n<\/style>\n\t<\/div>\n\t\n\n\n\t\t<\/div>\n\t\t\t\t\t<\/div>\n\n\t\n\n\t<div id=\"col-2089855176\" class=\"col medium-4 small-6 large-4\"  >\n\t\t\t\t<div class=\"col-inner text-center\"  >\n\t\t\t\n\t\t\t\n\n<a href=\"https:\/\/avrasyakostum.com\/?product_cat=meslek-kostumleri\" target=\"_self\" class=\"button primary is-outline is-larger lowercase expand\"  >\n    <span>Meslek Kost\u00fcmleri<\/span>\n  <\/a>\n\n\n\t<div class=\"img has-hover x md-x lg-x y md-y lg-y\" id=\"image_1536430755\">\n\t\t<a class=\"\" href=\"https:\/\/avrasyakostum.com\/?product_cat=meslek-kostumleri\" >\t\t\t\t\t\t<div class=\"img-inner image-cover dark\" style=\"padding-top:120%;\">\n\t\t\t<img loading=\"lazy\" decoding=\"async\" width=\"300\" height=\"200\" src=\"https:\/\/avrasyakostum.com\/wp-content\/uploads\/2024\/04\/IMG_3449-1.jpg\" class=\"attachment-medium size-medium\" alt=\"\" \/>\t\t\t\t\t\t\n\t\t\t\t\t<\/div>\n\t\t\t\t\t\t<\/a>\t\t\n<style>\n#image_1536430755 {\n  width: 100%;\n}\n<\/style>\n\t<\/div>\n\t\n\n\n\t\t<\/div>\n\t\t\t\t\t<\/div>\n\n\t\n\n<\/div>\n\n","protected":false},"excerpt":{"rendered":"","protected":false},"author":1,"featured_media":0,"parent":0,"menu_order":0,"comment_status":"closed","ping_status":"closed","template":"","meta":{"_joinchat":[],"footnotes":""},"class_list":["post-175","page","type-page","status-publish","hentry"],"_links":{"self":[{"href":"https:\/\/avrasyakostum.com\/index.php?rest_route=\/wp\/v2\/pages\/175","targetHints":{"allow":["GET"]}}],"collection":[{"href":"https:\/\/avrasyakostum.com\/index.php?rest_route=\/wp\/v2\/pages"}],"about":[{"href":"https:\/\/avrasyakostum.com\/index.php?rest_route=\/wp\/v2\/types\/page"}],"author":[{"embeddable":true,"href":"https:\/\/avrasyakostum.com\/index.php?rest_route=\/wp\/v2\/users\/1"}],"replies":[{"embeddable":true,"href":"https:\/\/avrasyakostum.com\/index.php?rest_route=%2Fwp%2Fv2%2Fcomments&post=175"}],"version-history":[{"count":19,"href":"https:\/\/avrasyakostum.com\/index.php?rest_route=\/wp\/v2\/pages\/175\/revisions"}],"predecessor-version":[{"id":800,"href":"https:\/\/avrasyakostum.com\/index.php?rest_route=\/wp\/v2\/pages\/175\/revisions\/800"}],"wp:attachment":[{"href":"https:\/\/avrasyakostum.com\/index.php?rest_route=%2Fwp%2Fv2%2Fmedia&parent=175"}],"curies":[{"name":"wp","href":"https:\/\/api.w.org\/{rel}","templated":true}]}}